{"id":1263,"date":"2022-04-08T00:39:38","date_gmt":"2022-04-08T00:39:38","guid":{"rendered":"https:\/\/nrls.net\/ku\/?page_id=1263"},"modified":"2022-10-05T13:13:04","modified_gmt":"2022-10-05T10:13:04","slug":"nrls","status":"publish","type":"page","link":"https:\/\/nrls.net\/ku\/","title":{"rendered":"NRLS"},"content":{"rendered":"","protected":false},"excerpt":{"rendered":"","protected":false},"author":3,"featured_media":0,"parent":0,"menu_order":0,"comment_status":"closed","ping_status":"closed","template":"","meta":{"footnotes":""},"class_list":["post-1263","page","type-page","status-publish","hentry"],"better_featured_image":null,"yoast_head":"<!-- This site is optimized with the Yoast SEO plugin v24.6 - https:\/\/yoast.com\/wordpress\/plugins\/seo\/ -->\n<title>NRLS - NRLS<\/title>\n<meta name=\"robots\" content=\"index, follow, max-snippet:-1, max-image-preview:large, max-video-preview:-1\" \/>\n<link rel=\"canonical\" href=\"https:\/\/nrls.net\/ku\/\" \/>\n<meta property=\"og:locale\" content=\"ar_AR\" \/>\n<meta property=\"og:type\" content=\"article\" \/>\n<meta property=\"og:title\" content=\"NRLS - NRLS\" \/>\n<meta property=\"og:url\" content=\"https:\/\/nrls.net\/ku\/\" \/>\n<meta property=\"og:site_name\" content=\"NRLS\" \/>\n<meta property=\"article:modified_time\" content=\"2022-10-05T10:13:04+00:00\" \/>\n<meta name=\"twitter:card\" content=\"summary_large_image\" \/>\n<script type=\"application\/ld+json\" class=\"yoast-schema-graph\">{\"@context\":\"https:\/\/schema.org\",\"@graph\":[{\"@type\":\"WebPage\",\"@id\":\"https:\/\/nrls.net\/ku\/\",\"url\":\"https:\/\/nrls.net\/ku\/\",\"name\":\"NRLS - NRLS\",\"isPartOf\":{\"@id\":\"https:\/\/nrls.net\/ku\/#website\"},\"datePublished\":\"2022-04-08T00:39:38+00:00\",\"dateModified\":\"2022-10-05T10:13:04+00:00\",\"breadcrumb\":{\"@id\":\"https:\/\/nrls.net\/ku\/#breadcrumb\"},\"inLanguage\":\"ar\",\"potentialAction\":[{\"@type\":\"ReadAction\",\"target\":[\"https:\/\/nrls.net\/ku\/\"]}]},{\"@type\":\"BreadcrumbList\",\"@id\":\"https:\/\/nrls.net\/ku\/#breadcrumb\",\"itemListElement\":[{\"@type\":\"ListItem\",\"position\":1,\"name\":\"\u0627\u0644\u0631\u0626\u064a\u0633\u064a\u0629\",\"item\":\"https:\/\/nrls.net\/ku\/\"},{\"@type\":\"ListItem\",\"position\":2,\"name\":\"NRLS\"}]},{\"@type\":\"WebSite\",\"@id\":\"https:\/\/nrls.net\/ku\/#website\",\"url\":\"https:\/\/nrls.net\/ku\/\",\"name\":\"NRLS\",\"description\":\"NAVENDA ROJAVA YA L\u00caKOL\u00ceN\u00caN STRATEJ\u00ceK\",\"potentialAction\":[{\"@type\":\"SearchAction\",\"target\":{\"@type\":\"EntryPoint\",\"urlTemplate\":\"https:\/\/nrls.net\/ku\/?s={search_term_string}\"},\"query-input\":{\"@type\":\"PropertyValueSpecification\",\"valueRequired\":true,\"valueName\":\"search_term_string\"}}],\"inLanguage\":\"ar\"}]}<\/script>\n<!-- \/ Yoast SEO plugin. -->","yoast_head_json":{"title":"NRLS - NRLS","robots":{"index":"index","follow":"follow","max-snippet":"max-snippet:-1","max-image-preview":"max-image-preview:large","max-video-preview":"max-video-preview:-1"},"canonical":"https:\/\/nrls.net\/ku\/","og_locale":"ar_AR","og_type":"article","og_title":"NRLS - NRLS","og_url":"https:\/\/nrls.net\/ku\/","og_site_name":"NRLS","article_modified_time":"2022-10-05T10:13:04+00:00","twitter_card":"summary_large_image","schema":{"@context":"https:\/\/schema.org","@graph":[{"@type":"WebPage","@id":"https:\/\/nrls.net\/ku\/","url":"https:\/\/nrls.net\/ku\/","name":"NRLS - NRLS","isPartOf":{"@id":"https:\/\/nrls.net\/ku\/#website"},"datePublished":"2022-04-08T00:39:38+00:00","dateModified":"2022-10-05T10:13:04+00:00","breadcrumb":{"@id":"https:\/\/nrls.net\/ku\/#breadcrumb"},"inLanguage":"ar","potentialAction":[{"@type":"ReadAction","target":["https:\/\/nrls.net\/ku\/"]}]},{"@type":"BreadcrumbList","@id":"https:\/\/nrls.net\/ku\/#breadcrumb","itemListElement":[{"@type":"ListItem","position":1,"name":"\u0627\u0644\u0631\u0626\u064a\u0633\u064a\u0629","item":"https:\/\/nrls.net\/ku\/"},{"@type":"ListItem","position":2,"name":"NRLS"}]},{"@type":"WebSite","@id":"https:\/\/nrls.net\/ku\/#website","url":"https:\/\/nrls.net\/ku\/","name":"NRLS","description":"NAVENDA ROJAVA YA L\u00caKOL\u00ceN\u00caN STRATEJ\u00ceK","potentialAction":[{"@type":"SearchAction","target":{"@type":"EntryPoint","urlTemplate":"https:\/\/nrls.net\/ku\/?s={search_term_string}"},"query-input":{"@type":"PropertyValueSpecification","valueRequired":true,"valueName":"search_term_string"}}],"inLanguage":"ar"}]}},"_links":{"self":[{"href":"https:\/\/nrls.net\/ku\/index.php?rest_route=\/wp\/v2\/pages\/1263","targetHints":{"allow":["GET"]}}],"collection":[{"href":"https:\/\/nrls.net\/ku\/index.php?rest_route=\/wp\/v2\/pages"}],"about":[{"href":"https:\/\/nrls.net\/ku\/index.php?rest_route=\/wp\/v2\/types\/page"}],"author":[{"embeddable":true,"href":"https:\/\/nrls.net\/ku\/index.php?rest_route=\/wp\/v2\/users\/3"}],"replies":[{"embeddable":true,"href":"https:\/\/nrls.net\/ku\/index.php?rest_route=%2Fwp%2Fv2%2Fcomments&post=1263"}],"version-history":[{"count":1,"href":"https:\/\/nrls.net\/ku\/index.php?rest_route=\/wp\/v2\/pages\/1263\/revisions"}],"predecessor-version":[{"id":1265,"href":"https:\/\/nrls.net\/ku\/index.php?rest_route=\/wp\/v2\/pages\/1263\/revisions\/1265"}],"wp:attachment":[{"href":"https:\/\/nrls.net\/ku\/index.php?rest_route=%2Fwp%2Fv2%2Fmedia&parent=1263"}],"curies":[{"name":"wp","href":"https:\/\/api.w.org\/{rel}","templated":true}]}}